{"id":63,"date":"2019-07-13T15:52:47","date_gmt":"2019-07-13T15:52:47","guid":{"rendered":"http:\/\/meine-schneckenzeit.de\/?page_id=63"},"modified":"2020-08-09T11:25:55","modified_gmt":"2020-08-09T11:25:55","slug":"autogenes-training","status":"publish","type":"page","link":"https:\/\/meine-schneckenzeit.de\/?page_id=63","title":{"rendered":"Autogenes Training"},"content":{"rendered":"\t\t<div data-elementor-type=\"wp-page\" data-elementor-id=\"63\" class=\"elementor elementor-63\">\n\t\t\t\t\t\t<section class=\"elementor-section elementor-top-section elementor-element elementor-element-8521c8f elementor-section-boxed elementor-section-height-default elementor-section-height-default\" data-id=\"8521c8f\" data-element_type=\"section\">\n\t\t\t\t\t\t<div class=\"elementor-container elementor-column-gap-default\">\n\t\t\t\t\t<div class=\"elementor-column elementor-col-100 elementor-top-column elementor-element elementor-element-eb56ee6\" data-id=\"eb56ee6\" data-element_type=\"column\">\n\t\t\t<div class=\"elementor-widget-wrap elementor-element-populated\">\n\t\t\t\t\t\t<div class=\"elementor-element elementor-element-b4979fb elementor-widget elementor-widget-text-editor\" data-id=\"b4979fb\" data-element_type=\"widget\" data-widget_type=\"text-editor.default\">\n\t\t\t\t<div class=\"elementor-widget-container\">\n\t\t\t\t\t\t\t\t\t<h1 style=\"text-align: center;\">Autogenes Training (AT)<\/h1>\n<p class=\"MsoNormal\">Das Autogene Training (auto=selbst, genes=entstandenes, Training=regelm\u00e4\u00dfiges \u00dcben) wurde um 1930 vom Berliner Arzt und Hypnosetherapeuten Johannes Heinrich Schultz entwickelt.<span style=\"font-size: 16px;\">Er stellte fest, dass seine Patienten nach einiger Zeit in der Lage waren eine Art Selbsthypnose durchzuf\u00fchren.&nbsp;<\/span><span style=\"font-size: 16px;\">Daraufhin entwickelte er sieben Formeln, die es seinen Patienten erm\u00f6glichten sich selbst, durch Autosuggestion zu entspannen.<\/span><\/p>\n<p class=\"MsoNormal\">Das urspr\u00fcngliche Programm des AT wird heute nur noch selten gelehrt, sondern abgewandelt in mehreren Teilschritten. (pro Woche eine Formel)<\/p>\n<p class=\"MsoNormal\">Die Grundformel ist die Ruheformel. Der K\u00f6rper und der Geist werden auf die kommenden \u00dcbungen eingestimmt. Gedanken werden fokussiert. Die Ruheformel ist das Grundelement des AT und kehrt wie ein Refrain im Lied immer wieder.<\/p>\n<p class=\"MsoNormal\">Als zweite Formel folgt die Schwereformel. Sie dient der k\u00f6rperlichen Entspannung. Die Muskulatur wird gelockert, der K\u00f6rper kann ganz in die Unterlage versinken, sich fallenlassen.<\/p>\n<p class=\"MsoNormal\">Nummer drei ist die W\u00e4rmeformel. Die Gef\u00e4\u00dfe werden erweitert, die Durchblutung gef\u00f6rdert. In der Vorstellung erlebte W\u00e4rme, ist k\u00f6rperlich sp\u00fcrbar.<\/p>\n<p class=\"MsoNormal\">Es folgt die Atemformel. Dabei wird nur auf den Atem geachtet, es wird nicht bewusst in das Atemgeschehen eingegriffen. Wir vertrauen darauf, dass unser K\u00f6rper seinen ureigenen Atemrhythmus hat und richtig funktioniert.<\/p>\n<p class=\"MsoNormal\">Die Herz\/Pulsformel dient dem Vertrauen in die energetische Kraft des Herzens. Unser Herzschlag f\u00fcgt sich positiv in unseren Organismus ein.<\/p>\n<p class=\"MsoNormal\">Das Sonnengeflecht (Solar Plexus) ist ein Nervengeflecht, dass sich strahlenf\u00f6rmig, wie eine Sonne,&nbsp; im gesamten Bauchraum ausbreitet. Durch die Bauchformel str\u00f6mt W\u00e4rme durch jede Faser und wirkt sich positiv auf die Organe (Magen, Darm, Leber, Niere) aus.<\/p>\n<p class=\"MsoNormal\">Die letzte der sieben Formeln ist die Kopfformel. Sie sorgt f\u00fcr einen klaren Kopf, f\u00f6rdert das geistige Verm\u00f6gen und die Konzentration.<\/p>\n<p class=\"MsoNormal\">Am Ende des Trainings ist die R\u00fccknahme von essentieller Bedeutung. K\u00f6rper und Geist m\u00fcssen wieder im Hier und Jetzt verankert werden.<\/p>\n<p class=\"MsoNormal\">Arme fest!&nbsp;<span style=\"font-size: 16px;\">Atem tief! Augen auf!&nbsp;&nbsp;&nbsp;&nbsp;&nbsp;&nbsp;&nbsp;&nbsp;&nbsp;&nbsp;&nbsp;&nbsp;&nbsp;&nbsp;&nbsp;&nbsp;&nbsp;&nbsp;&nbsp;&nbsp;&nbsp;&nbsp;&nbsp;&nbsp;&nbsp;&nbsp;&nbsp;&nbsp;&nbsp;&nbsp;&nbsp;&nbsp;&nbsp;&nbsp;&nbsp;&nbsp;&nbsp;&nbsp;&nbsp;&nbsp;&nbsp;&nbsp;&nbsp;&nbsp;&nbsp;&nbsp;&nbsp;&nbsp;&nbsp;&nbsp;&nbsp;&nbsp;&nbsp;&nbsp;&nbsp;&nbsp;&nbsp;&nbsp;&nbsp;&nbsp;&nbsp;&nbsp;&nbsp;&nbsp;&nbsp;&nbsp;&nbsp;&nbsp;&nbsp;&nbsp;&nbsp;&nbsp;&nbsp;&nbsp;&nbsp;&nbsp;&nbsp;&nbsp;&nbsp;&nbsp;&nbsp;&nbsp;&nbsp;&nbsp;&nbsp;&nbsp;&nbsp;&nbsp;&nbsp;&nbsp;&nbsp;&nbsp;&nbsp;&nbsp;&nbsp;&nbsp;&nbsp;&nbsp;&nbsp;&nbsp;&nbsp;&nbsp;&nbsp;&nbsp;&nbsp;&nbsp;&nbsp;&nbsp;&nbsp;&nbsp;&nbsp;&nbsp;&nbsp;&nbsp;&nbsp;&nbsp;&nbsp;&nbsp;&nbsp;&nbsp;&nbsp;&nbsp;<\/span><\/p>\n<p class=\"MsoNormal\"><span style=\"font-size: 16px;\">Durch tiefes Atmen wird Sauerstoff getankt, die Arme (und Beine) werden angespannt, gestreckt und der ganze K\u00f6rper wird aktiviert. Die Augen werden ge\u00f6ffnet und man ist wieder wach und klar f\u00fcr die Realit\u00e4t.<\/span><\/p>\t\t\t\t\t\t\t\t<\/div>\n\t\t\t\t<\/div>\n\t\t\t\t\t<\/div>\n\t\t<\/div>\n\t\t\t\t\t<\/div>\n\t\t<\/section>\n\t\t\t\t<\/div>\n\t\t","protected":false},"excerpt":{"rendered":"<p>Autogenes Training (AT) Das Autogene Training (auto=selbst, genes=entstandenes, Training=regelm\u00e4\u00dfiges \u00dcben) wurde um 1930 vom Berliner Arzt und Hypnosetherapeuten Johannes Heinrich Schultz entwickelt.Er stellte fest, dass seine Patienten nach einiger Zeit in der Lage waren eine Art Selbsthypnose durchzuf\u00fchren.&nbsp;Daraufhin entwickelte er sieben Formeln, die es seinen Patienten erm\u00f6glichten sich selbst, durch Autosuggestion zu entspannen. Das urspr\u00fcngliche [&hellip;]<\/p>\n","protected":false},"author":1,"featured_media":0,"parent":0,"menu_order":0,"comment_status":"closed","ping_status":"closed","template":"","meta":{"ocean_post_layout":"","ocean_both_sidebars_style":"","ocean_both_sidebars_content_width":0,"ocean_both_sidebars_sidebars_width":0,"ocean_sidebar":"0","ocean_second_sidebar":"0","ocean_disable_margins":"enable","ocean_add_body_class":"","ocean_shortcode_before_top_bar":"","ocean_shortcode_after_top_bar":"","ocean_shortcode_before_header":"","ocean_shortcode_after_header":"","ocean_has_shortcode":"","ocean_shortcode_after_title":"","ocean_shortcode_before_footer_widgets":"","ocean_shortcode_after_footer_widgets":"","ocean_shortcode_before_footer_bottom":"","ocean_shortcode_after_footer_bottom":"","ocean_display_top_bar":"default","ocean_display_header":"default","ocean_header_style":"","ocean_center_header_left_menu":"0","ocean_custom_header_template":"0","ocean_custom_logo":0,"ocean_custom_retina_logo":0,"ocean_custom_logo_max_width":0,"ocean_custom_logo_tablet_max_width":0,"ocean_custom_logo_mobile_max_width":0,"ocean_custom_logo_max_height":0,"ocean_custom_logo_tablet_max_height":0,"ocean_custom_logo_mobile_max_height":0,"ocean_header_custom_menu":"0","ocean_menu_typo_font_family":"0","ocean_menu_typo_font_subset":"","ocean_menu_typo_font_size":0,"ocean_menu_typo_font_size_tablet":0,"ocean_menu_typo_font_size_mobile":0,"ocean_menu_typo_font_size_unit":"px","ocean_menu_typo_font_weight":"","ocean_menu_typo_font_weight_tablet":"","ocean_menu_typo_font_weight_mobile":"","ocean_menu_typo_transform":"","ocean_menu_typo_transform_tablet":"","ocean_menu_typo_transform_mobile":"","ocean_menu_typo_line_height":0,"ocean_menu_typo_line_height_tablet":0,"ocean_menu_typo_line_height_mobile":0,"ocean_menu_typo_line_height_unit":"","ocean_menu_typo_spacing":0,"ocean_menu_typo_spacing_tablet":0,"ocean_menu_typo_spacing_mobile":0,"ocean_menu_typo_spacing_unit":"","ocean_menu_link_color":"","ocean_menu_link_color_hover":"","ocean_menu_link_color_active":"","ocean_menu_link_background":"","ocean_menu_link_hover_background":"","ocean_menu_link_active_background":"","ocean_menu_social_links_bg":"","ocean_menu_social_hover_links_bg":"","ocean_menu_social_links_color":"","ocean_menu_social_hover_links_color":"","ocean_disable_title":"default","ocean_disable_heading":"default","ocean_post_title":"","ocean_post_subheading":"","ocean_post_title_style":"","ocean_post_title_background_color":"","ocean_post_title_background":0,"ocean_post_title_bg_image_position":"","ocean_post_title_bg_image_attachment":"","ocean_post_title_bg_image_repeat":"","ocean_post_title_bg_image_size":"","ocean_post_title_height":0,"ocean_post_title_bg_overlay":0.5,"ocean_post_title_bg_overlay_color":"","ocean_disable_breadcrumbs":"default","ocean_breadcrumbs_color":"","ocean_breadcrumbs_separator_color":"","ocean_breadcrumbs_links_color":"","ocean_breadcrumbs_links_hover_color":"","ocean_display_footer_widgets":"default","ocean_display_footer_bottom":"default","ocean_custom_footer_template":"0","footnotes":""},"class_list":["post-63","page","type-page","status-publish","hentry","entry"],"_links":{"self":[{"href":"https:\/\/meine-schneckenzeit.de\/index.php?rest_route=\/wp\/v2\/pages\/63","targetHints":{"allow":["GET"]}}],"collection":[{"href":"https:\/\/meine-schneckenzeit.de\/index.php?rest_route=\/wp\/v2\/pages"}],"about":[{"href":"https:\/\/meine-schneckenzeit.de\/index.php?rest_route=\/wp\/v2\/types\/page"}],"author":[{"embeddable":true,"href":"https:\/\/meine-schneckenzeit.de\/index.php?rest_route=\/wp\/v2\/users\/1"}],"replies":[{"embeddable":true,"href":"https:\/\/meine-schneckenzeit.de\/index.php?rest_route=%2Fwp%2Fv2%2Fcomments&post=63"}],"version-history":[{"count":5,"href":"https:\/\/meine-schneckenzeit.de\/index.php?rest_route=\/wp\/v2\/pages\/63\/revisions"}],"predecessor-version":[{"id":272,"href":"https:\/\/meine-schneckenzeit.de\/index.php?rest_route=\/wp\/v2\/pages\/63\/revisions\/272"}],"wp:attachment":[{"href":"https:\/\/meine-schneckenzeit.de\/index.php?rest_route=%2Fwp%2Fv2%2Fmedia&parent=63"}],"curies":[{"name":"wp","href":"https:\/\/api.w.org\/{rel}","templated":true}]}}